{"id":48546,"date":"2021-01-06T06:49:36","date_gmt":"2021-01-06T05:49:36","guid":{"rendered":"http:\/\/blog-conny-dethloff.de\/?page_id=48546"},"modified":"2021-01-06T06:57:46","modified_gmt":"2021-01-06T05:57:46","slug":"beratergrillen","status":"publish","type":"page","link":"https:\/\/blog-conny-dethloff.de\/?page_id=48546","title":{"rendered":"Beratergrillen"},"content":{"rendered":"<p>Beratergrillen &#8211; Consulting mal ganz anders!<\/p>\n<p>Die Idee hinter dem Ganzen &#8230;<\/p>\n<p>Es gibt so viele Berater, die meinen, sie h\u00e4tten die Weisheit mit L\u00f6ffeln gegessen und die von sich behaupten, sie w\u00fcssten wie die Welt funktioniert. Die Praktiker und Manager in den Unternehmen m\u00fcssen es dann wieder ausbaden!<\/p>\n<p>Wir haben nat\u00fcrlich die Weisheit auch nicht mit L\u00f6ffeln und den Rest kenne Sie ja &#8211; aber wir haben nicht den Anspruch, das es immer und \u00fcberall passt.<\/p>\n<p>Diese Gedanken zum Anlass nehmend haben wir, Wolfram M\u00fcller, Moritz Hornung und ich, uns zusammen getan, um im Kontext von &#8220;Transformation in Organisationen&#8221; zu denken und zu wirken.<\/p>\n<p><a href=\"https:\/\/beratergrillen.de\">Hier<\/a> sind mehr Details zu unserem Wirken zu finden.<\/p>\n<span id=\"post-ratings-48546\" class=\"post-ratings\" data-nonce=\"68b73a6fd5\"><img decoding=\"async\" id=\"rating_48546_1\" src=\"https:\/\/blog-conny-dethloff.de\/wp-content\/plugins\/wp-postratings\/images\/stars\/rating_on.gif\" alt=\"1 Star\" title=\"1 Star\" onmouseover=\"current_rating(48546, 1, '1 Star');\" onmouseout=\"ratings_off(5, 0, 0);\" onclick=\"rate_post();\" onkeypress=\"rate_post();\" style=\"cursor: pointer; border: 0px;\" \/><img decoding=\"async\" id=\"rating_48546_2\" src=\"https:\/\/blog-conny-dethloff.de\/wp-content\/plugins\/wp-postratings\/images\/stars\/rating_on.gif\" alt=\"2 Stars\" title=\"2 Stars\" onmouseover=\"current_rating(48546, 2, '2 Stars');\" onmouseout=\"ratings_off(5, 0, 0);\" onclick=\"rate_post();\" onkeypress=\"rate_post();\" style=\"cursor: pointer; border: 0px;\" \/><img decoding=\"async\" id=\"rating_48546_3\" src=\"https:\/\/blog-conny-dethloff.de\/wp-content\/plugins\/wp-postratings\/images\/stars\/rating_on.gif\" alt=\"3 Stars\" title=\"3 Stars\" onmouseover=\"current_rating(48546, 3, '3 Stars');\" onmouseout=\"ratings_off(5, 0, 0);\" onclick=\"rate_post();\" onkeypress=\"rate_post();\" style=\"cursor: pointer; border: 0px;\" \/><img decoding=\"async\" id=\"rating_48546_4\" src=\"https:\/\/blog-conny-dethloff.de\/wp-content\/plugins\/wp-postratings\/images\/stars\/rating_on.gif\" alt=\"4 Stars\" title=\"4 Stars\" onmouseover=\"current_rating(48546, 4, '4 Stars');\" onmouseout=\"ratings_off(5, 0, 0);\" onclick=\"rate_post();\" onkeypress=\"rate_post();\" style=\"cursor: pointer; border: 0px;\" \/><img decoding=\"async\" id=\"rating_48546_5\" src=\"https:\/\/blog-conny-dethloff.de\/wp-content\/plugins\/wp-postratings\/images\/stars\/rating_on.gif\" alt=\"5 Stars\" title=\"5 Stars\" onmouseover=\"current_rating(48546, 5, '5 Stars');\" onmouseout=\"ratings_off(5, 0, 0);\" onclick=\"rate_post();\" onkeypress=\"rate_post();\" style=\"cursor: pointer; border: 0px;\" \/> (<strong>2<\/strong> Bewertung(en), Durchschnitt: <strong>5.00<\/strong> von 5)<br \/><span class=\"post-ratings-text\" id=\"ratings_48546_text\"><\/span><\/span><span id=\"post-ratings-48546-loading\" class=\"post-ratings-loading\"><img loading=\"lazy\" decoding=\"async\" src=\"https:\/\/blog-conny-dethloff.de\/wp-content\/plugins\/wp-postratings\/images\/loading.gif\" width=\"16\" height=\"16\" class=\"post-ratings-image\" \/>Loading...<\/span>\n","protected":false},"excerpt":{"rendered":"<p>Beratergrillen &#8211; Consulting mal ganz anders! Die Idee hinter dem Ganzen &#8230; Es gibt so viele Berater, die meinen, sie h\u00e4tten die Weisheit mit L\u00f6ffeln gegessen und die von sich behaupten, sie w\u00fcssten wie die Welt funktioniert. Die Praktiker und &hellip; <a href=\"https:\/\/blog-conny-dethloff.de\/?page_id=48546\">Continue reading <span class=\"meta-nav\">&rarr;<\/span><\/a><\/p>\n","protected":false},"author":1,"featured_media":0,"parent":48544,"menu_order":0,"comment_status":"closed","ping_status":"closed","template":"","meta":{"footnotes":""},"class_list":["post-48546","page","type-page","status-publish","hentry"],"_links":{"self":[{"href":"https:\/\/blog-conny-dethloff.de\/index.php?rest_route=\/wp\/v2\/pages\/48546","targetHints":{"allow":["GET"]}}],"collection":[{"href":"https:\/\/blog-conny-dethloff.de\/index.php?rest_route=\/wp\/v2\/pages"}],"about":[{"href":"https:\/\/blog-conny-dethloff.de\/index.php?rest_route=\/wp\/v2\/types\/page"}],"author":[{"embeddable":true,"href":"https:\/\/blog-conny-dethloff.de\/index.php?rest_route=\/wp\/v2\/users\/1"}],"replies":[{"embeddable":true,"href":"https:\/\/blog-conny-dethloff.de\/index.php?rest_route=%2Fwp%2Fv2%2Fcomments&post=48546"}],"version-history":[{"count":4,"href":"https:\/\/blog-conny-dethloff.de\/index.php?rest_route=\/wp\/v2\/pages\/48546\/revisions"}],"predecessor-version":[{"id":48557,"href":"https:\/\/blog-conny-dethloff.de\/index.php?rest_route=\/wp\/v2\/pages\/48546\/revisions\/48557"}],"up":[{"embeddable":true,"href":"https:\/\/blog-conny-dethloff.de\/index.php?rest_route=\/wp\/v2\/pages\/48544"}],"wp:attachment":[{"href":"https:\/\/blog-conny-dethloff.de\/index.php?rest_route=%2Fwp%2Fv2%2Fmedia&parent=48546"}],"curies":[{"name":"wp","href":"https:\/\/api.w.org\/{rel}","templated":true}]}}