{"id":48213,"date":"2020-04-23T09:13:53","date_gmt":"2020-04-23T08:13:53","guid":{"rendered":"http:\/\/blog-conny-dethloff.de\/?page_id=48213"},"modified":"2020-04-23T09:15:27","modified_gmt":"2020-04-23T08:15:27","slug":"leanbaseclub","status":"publish","type":"page","link":"https:\/\/blog-conny-dethloff.de\/?page_id=48213","title":{"rendered":"LeanBaseClub"},"content":{"rendered":"<p>Im Rahmen des <a href=\"https:\/\/leanbase.de\/club\">LeanBaseClub<\/a> der Plattformbetrieber von LeanBase reiche im mit meinem guten Freund Mark Lambertz eine <a href=\"https:\/\/leanbase.de\/events\/warum-es-fur-leadership-keine-best-practice-gibt-fur-schlechte-aber-schon\">Session<\/a> an. <\/p>\n<p>Worum geht es in dieser Session?<\/p>\n<p>Die Session wird wie ein &#8220;Mini-Sprint&#8221; gestaltet. Das bedeutet, wir durchlaufen die Schleife des Planen, Tun, \u00dcberpr\u00fcfen, Anpassen gleich zweimal. Gleich zu Beginn werden ein \u201eLern-Backlog\u201c aufgebaut und die &#8220;Lern-H\u00e4ppchen&#8221; priorisiert, damit der Tag den maximalen Wert f\u00fcr Euch bringt &#8211; denn wir reden nicht nur \u00fcber Kundenorientierung, sondern wir leben sie. Dadurch werden nicht nur Inhalte vermittelt, sondern ein erster Zugang zu den typischen Arbeitsmitteln der lean\/agilen Welt erm\u00f6glicht. Die gesammelten Erfahrungen sollen bestenfalls direkt am n\u00e4chsten Tag eingesetzt werden k\u00f6nnen. Damit dies gelingt, setzen wir auf ein hohes Ma\u00df an Interaktion und Austausch. Und eine Menge Spa\u00df.<\/p>\n<span id=\"post-ratings-48213\" class=\"post-ratings\" data-nonce=\"e5f0f29bcd\"><img decoding=\"async\" id=\"rating_48213_1\" src=\"https:\/\/blog-conny-dethloff.de\/wp-content\/plugins\/wp-postratings\/images\/stars\/rating_off.gif\" alt=\"1 Star\" title=\"1 Star\" onmouseover=\"current_rating(48213, 1, '1 Star');\" onmouseout=\"ratings_off(0, 0, 0);\" onclick=\"rate_post();\" onkeypress=\"rate_post();\" style=\"cursor: pointer; border: 0px;\" \/><img decoding=\"async\" id=\"rating_48213_2\" src=\"https:\/\/blog-conny-dethloff.de\/wp-content\/plugins\/wp-postratings\/images\/stars\/rating_off.gif\" alt=\"2 Stars\" title=\"2 Stars\" onmouseover=\"current_rating(48213, 2, '2 Stars');\" onmouseout=\"ratings_off(0, 0, 0);\" onclick=\"rate_post();\" onkeypress=\"rate_post();\" style=\"cursor: pointer; border: 0px;\" \/><img decoding=\"async\" id=\"rating_48213_3\" src=\"https:\/\/blog-conny-dethloff.de\/wp-content\/plugins\/wp-postratings\/images\/stars\/rating_off.gif\" alt=\"3 Stars\" title=\"3 Stars\" onmouseover=\"current_rating(48213, 3, '3 Stars');\" onmouseout=\"ratings_off(0, 0, 0);\" onclick=\"rate_post();\" onkeypress=\"rate_post();\" style=\"cursor: pointer; border: 0px;\" \/><img decoding=\"async\" id=\"rating_48213_4\" src=\"https:\/\/blog-conny-dethloff.de\/wp-content\/plugins\/wp-postratings\/images\/stars\/rating_off.gif\" alt=\"4 Stars\" title=\"4 Stars\" onmouseover=\"current_rating(48213, 4, '4 Stars');\" onmouseout=\"ratings_off(0, 0, 0);\" onclick=\"rate_post();\" onkeypress=\"rate_post();\" style=\"cursor: pointer; border: 0px;\" \/><img decoding=\"async\" id=\"rating_48213_5\" src=\"https:\/\/blog-conny-dethloff.de\/wp-content\/plugins\/wp-postratings\/images\/stars\/rating_off.gif\" alt=\"5 Stars\" title=\"5 Stars\" onmouseover=\"current_rating(48213, 5, '5 Stars');\" onmouseout=\"ratings_off(0, 0, 0);\" onclick=\"rate_post();\" onkeypress=\"rate_post();\" style=\"cursor: pointer; border: 0px;\" \/> (Keine Bewertungen bislang. Geben Sie doch die erste ab.)<br \/><span class=\"post-ratings-text\" id=\"ratings_48213_text\"><\/span><\/span><span id=\"post-ratings-48213-loading\" class=\"post-ratings-loading\"><img loading=\"lazy\" decoding=\"async\" src=\"https:\/\/blog-conny-dethloff.de\/wp-content\/plugins\/wp-postratings\/images\/loading.gif\" width=\"16\" height=\"16\" class=\"post-ratings-image\" \/>Loading...<\/span>\n","protected":false},"excerpt":{"rendered":"<p>Im Rahmen des LeanBaseClub der Plattformbetrieber von LeanBase reiche im mit meinem guten Freund Mark Lambertz eine Session an. Worum geht es in dieser Session? Die Session wird wie ein &#8220;Mini-Sprint&#8221; gestaltet. Das bedeutet, wir durchlaufen die Schleife des Planen, &hellip; <a href=\"https:\/\/blog-conny-dethloff.de\/?page_id=48213\">Continue reading <span class=\"meta-nav\">&rarr;<\/span><\/a><\/p>\n","protected":false},"author":1,"featured_media":0,"parent":48199,"menu_order":0,"comment_status":"closed","ping_status":"closed","template":"","meta":{"footnotes":""},"class_list":["post-48213","page","type-page","status-publish","hentry"],"_links":{"self":[{"href":"https:\/\/blog-conny-dethloff.de\/index.php?rest_route=\/wp\/v2\/pages\/48213","targetHints":{"allow":["GET"]}}],"collection":[{"href":"https:\/\/blog-conny-dethloff.de\/index.php?rest_route=\/wp\/v2\/pages"}],"about":[{"href":"https:\/\/blog-conny-dethloff.de\/index.php?rest_route=\/wp\/v2\/types\/page"}],"author":[{"embeddable":true,"href":"https:\/\/blog-conny-dethloff.de\/index.php?rest_route=\/wp\/v2\/users\/1"}],"replies":[{"embeddable":true,"href":"https:\/\/blog-conny-dethloff.de\/index.php?rest_route=%2Fwp%2Fv2%2Fcomments&post=48213"}],"version-history":[{"count":1,"href":"https:\/\/blog-conny-dethloff.de\/index.php?rest_route=\/wp\/v2\/pages\/48213\/revisions"}],"predecessor-version":[{"id":48214,"href":"https:\/\/blog-conny-dethloff.de\/index.php?rest_route=\/wp\/v2\/pages\/48213\/revisions\/48214"}],"up":[{"embeddable":true,"href":"https:\/\/blog-conny-dethloff.de\/index.php?rest_route=\/wp\/v2\/pages\/48199"}],"wp:attachment":[{"href":"https:\/\/blog-conny-dethloff.de\/index.php?rest_route=%2Fwp%2Fv2%2Fmedia&parent=48213"}],"curies":[{"name":"wp","href":"https:\/\/api.w.org\/{rel}","templated":true}]}}