{"id":48204,"date":"2020-04-22T15:25:36","date_gmt":"2020-04-22T14:25:36","guid":{"rendered":"http:\/\/blog-conny-dethloff.de\/?page_id=48204"},"modified":"2020-05-14T05:23:51","modified_gmt":"2020-05-14T04:23:51","slug":"leandigitalconference","status":"publish","type":"page","link":"https:\/\/blog-conny-dethloff.de\/?page_id=48204","title":{"rendered":"LeanDigitalConference"},"content":{"rendered":"<p>Im M\u00e4rz 2020 ist seitens der Betreiber der LeanBase, der gr\u00f6\u00dften Deutschprachigen Plattform in Sachen Lean, Agil, Leadership etc., die Idee entstanden, eine <a href=\"https:\/\/leanbase.de\/digital-conference\">LeanDigitalConference<\/a> auszustatten und auszurichten, die in Themenbereiche strukturiert ist, zu denen einige Menschen ihre Ideen und Gedanken anreichen.<\/p>\n<p>Es freut mich, dass ich zu 2 dieser Themenbereiche eingeladen wurde, <a href=\"https:\/\/leanbase.de\/digital-conference\/leadership\">Leadership<\/a> und <a href=\"https:\/\/leanbase.de\/digital-conference\/unternehmenskultur\">Unternehmenskultur<\/a>.<\/p>\n<h3><span style=\"color: #6666ff;\">Leadership<\/span><\/h3>\n<p>Im Themenbereich <strong>Leadership<\/strong> lege ich meine Argumentationskette offen, warum &#8220;gute&#8221; F\u00fchrung f\u00fcr mich nicht handlungsleitend beschreibbar ist, &#8220;schlechte&#8221; aber schon. <a href=\"https:\/\/leanbase.de\/digital-conference\/leadership\/talks\/gute-fuhrung-lasst-sich-nicht-beschreiben-schlechte-schon\">Hier<\/a> geht es zu meinem Beitrag. Das gesamte Programm im Themenbereich Leadership ist <a href=\"https:\/\/leanbase.de\/digital-conference\/leadership\/talks\">hier<\/a> zu finden.<\/p>\n<p>Highlights meines Imuplses k\u00f6nnen Sie hier einsehen.<\/p>\n<p>https:\/\/youtu.be\/lXPO_hcPuJs<\/p>\n<h3><span style=\"color: #6666ff;\">Unternehmenskultur<\/span><\/h3>\n<p>Im Themenbereich <strong>Unternehmenskultur<\/strong> ist die Vorank\u00fcndigung meines Impulses <a href=\"https:\/\/leanbase.de\/digital-conference\/unternehmenskultur\/talks\/unternehmenskultur-ist-kein-erfolgsfaktor-sondern-eine-wirkung-von-erfolg\">hier<\/a> einsehen. Das gesamte Programm zu diesem Bereich gibt es <a href=\"https:\/\/leanbase.de\/digital-conference\/unternehmenskultur\/talks\">hier<\/a>.<\/p>\n<p>Highlights meines Imuplses k\u00f6nnen Sie hier einsehen.<\/p>\n<p>https:\/\/youtu.be\/cZthKbr4u_w<\/p>\n<span id=\"post-ratings-48204\" class=\"post-ratings\" data-nonce=\"bf12887b99\"><img decoding=\"async\" id=\"rating_48204_1\" src=\"https:\/\/blog-conny-dethloff.de\/wp-content\/plugins\/wp-postratings\/images\/stars\/rating_on.gif\" alt=\"1 Star\" title=\"1 Star\" onmouseover=\"current_rating(48204, 1, '1 Star');\" onmouseout=\"ratings_off(5, 0, 0);\" onclick=\"rate_post();\" onkeypress=\"rate_post();\" style=\"cursor: pointer; border: 0px;\" \/><img decoding=\"async\" id=\"rating_48204_2\" src=\"https:\/\/blog-conny-dethloff.de\/wp-content\/plugins\/wp-postratings\/images\/stars\/rating_on.gif\" alt=\"2 Stars\" title=\"2 Stars\" onmouseover=\"current_rating(48204, 2, '2 Stars');\" onmouseout=\"ratings_off(5, 0, 0);\" onclick=\"rate_post();\" onkeypress=\"rate_post();\" style=\"cursor: pointer; border: 0px;\" \/><img decoding=\"async\" id=\"rating_48204_3\" src=\"https:\/\/blog-conny-dethloff.de\/wp-content\/plugins\/wp-postratings\/images\/stars\/rating_on.gif\" alt=\"3 Stars\" title=\"3 Stars\" onmouseover=\"current_rating(48204, 3, '3 Stars');\" onmouseout=\"ratings_off(5, 0, 0);\" onclick=\"rate_post();\" onkeypress=\"rate_post();\" style=\"cursor: pointer; border: 0px;\" \/><img decoding=\"async\" id=\"rating_48204_4\" src=\"https:\/\/blog-conny-dethloff.de\/wp-content\/plugins\/wp-postratings\/images\/stars\/rating_on.gif\" alt=\"4 Stars\" title=\"4 Stars\" onmouseover=\"current_rating(48204, 4, '4 Stars');\" onmouseout=\"ratings_off(5, 0, 0);\" onclick=\"rate_post();\" onkeypress=\"rate_post();\" style=\"cursor: pointer; border: 0px;\" \/><img decoding=\"async\" id=\"rating_48204_5\" src=\"https:\/\/blog-conny-dethloff.de\/wp-content\/plugins\/wp-postratings\/images\/stars\/rating_on.gif\" alt=\"5 Stars\" title=\"5 Stars\" onmouseover=\"current_rating(48204, 5, '5 Stars');\" onmouseout=\"ratings_off(5, 0, 0);\" onclick=\"rate_post();\" onkeypress=\"rate_post();\" style=\"cursor: pointer; border: 0px;\" \/> (<strong>1<\/strong> Bewertung(en), Durchschnitt: <strong>5.00<\/strong> von 5)<br \/><span class=\"post-ratings-text\" id=\"ratings_48204_text\"><\/span><\/span><span id=\"post-ratings-48204-loading\" class=\"post-ratings-loading\"><img loading=\"lazy\" decoding=\"async\" src=\"https:\/\/blog-conny-dethloff.de\/wp-content\/plugins\/wp-postratings\/images\/loading.gif\" width=\"16\" height=\"16\" class=\"post-ratings-image\" \/>Loading...<\/span>\n","protected":false},"excerpt":{"rendered":"<p>Im M\u00e4rz 2020 ist seitens der Betreiber der LeanBase, der gr\u00f6\u00dften Deutschprachigen Plattform in Sachen Lean, Agil, Leadership etc., die Idee entstanden, eine LeanDigitalConference auszustatten und auszurichten, die in Themenbereiche strukturiert ist, zu denen einige Menschen ihre Ideen und Gedanken &hellip; <a href=\"https:\/\/blog-conny-dethloff.de\/?page_id=48204\">Continue reading <span class=\"meta-nav\">&rarr;<\/span><\/a><\/p>\n","protected":false},"author":1,"featured_media":0,"parent":48199,"menu_order":0,"comment_status":"closed","ping_status":"closed","template":"","meta":{"footnotes":""},"class_list":["post-48204","page","type-page","status-publish","hentry"],"_links":{"self":[{"href":"https:\/\/blog-conny-dethloff.de\/index.php?rest_route=\/wp\/v2\/pages\/48204","targetHints":{"allow":["GET"]}}],"collection":[{"href":"https:\/\/blog-conny-dethloff.de\/index.php?rest_route=\/wp\/v2\/pages"}],"about":[{"href":"https:\/\/blog-conny-dethloff.de\/index.php?rest_route=\/wp\/v2\/types\/page"}],"author":[{"embeddable":true,"href":"https:\/\/blog-conny-dethloff.de\/index.php?rest_route=\/wp\/v2\/users\/1"}],"replies":[{"embeddable":true,"href":"https:\/\/blog-conny-dethloff.de\/index.php?rest_route=%2Fwp%2Fv2%2Fcomments&post=48204"}],"version-history":[{"count":12,"href":"https:\/\/blog-conny-dethloff.de\/index.php?rest_route=\/wp\/v2\/pages\/48204\/revisions"}],"predecessor-version":[{"id":48252,"href":"https:\/\/blog-conny-dethloff.de\/index.php?rest_route=\/wp\/v2\/pages\/48204\/revisions\/48252"}],"up":[{"embeddable":true,"href":"https:\/\/blog-conny-dethloff.de\/index.php?rest_route=\/wp\/v2\/pages\/48199"}],"wp:attachment":[{"href":"https:\/\/blog-conny-dethloff.de\/index.php?rest_route=%2Fwp%2Fv2%2Fmedia&parent=48204"}],"curies":[{"name":"wp","href":"https:\/\/api.w.org\/{rel}","templated":true}]}}