{"id":4109,"date":"2018-03-14T07:13:52","date_gmt":"2018-03-14T06:13:52","guid":{"rendered":"http:\/\/blog-conny-dethloff.de\/?page_id=4109"},"modified":"2018-03-14T11:44:28","modified_gmt":"2018-03-14T10:44:28","slug":"vortrage-auf-konferenzen","status":"publish","type":"page","link":"https:\/\/blog-conny-dethloff.de\/?page_id=4109","title":{"rendered":"\u00d6ffentliche Auftritte"},"content":{"rendered":"<p>Hier finden Sie alles Wissenswerte zu meinen \u00f6ffentlichen Auftritten auf Konferenzen, Kongressen, MeetUps etc. Dazu z\u00e4hlen Impressionen vergangener Auftritte in Bild und Ton, die Pr\u00e4sentationsunterlagen sowie anstehende bereits geplante Termine, an denen ich als Speaker t\u00e4tig bin und an denen wir uns dann ja vielleicht treffen und austauschen k\u00f6nnen.<\/p>\n<table style=\"background-color: #ffffff;\" border=\"2\" width=\"100%\" cellspacing=\"3\" cellpadding=\"2\">\n<tbody>\n<tr>\n<td style=\"text-align: left;\"><strong>Kategorie<\/strong><\/td>\n<td style=\"text-align: left;\"><strong>Link<\/strong><\/td>\n<\/tr>\n<tr>\n<td style=\"text-align: left;\">Anstehende Termine<\/td>\n<td style=\"text-align: center;\"><a href=\"https:\/\/blog-conny-dethloff.de\/?page_id=3612\"><img loading=\"lazy\" decoding=\"async\" class=\"size-full wp-image-2135 aligncenter\" src=\"http:\/\/blog-conny-dethloff.de\/wp-content\/uploads\/2012\/12\/link.png\" alt=\"link\" width=\"16\" height=\"16\" \/><\/a><\/td>\n<\/tr>\n<tr>\n<td style=\"text-align: left;\">Impressionen in Bild und Ton<\/td>\n<td style=\"text-align: center;\"><a href=\"https:\/\/blog-conny-dethloff.de\/?page_id=4120\"><img loading=\"lazy\" decoding=\"async\" class=\"size-full wp-image-2135 aligncenter\" src=\"http:\/\/blog-conny-dethloff.de\/wp-content\/uploads\/2012\/12\/link.png\" alt=\"link\" width=\"16\" height=\"16\" \/><\/a><\/td>\n<\/tr>\n<tr>\n<td style=\"text-align: left;\">Impressionen in Bildern<\/td>\n<td style=\"text-align: center;\"><a href=\"https:\/\/blog-conny-dethloff.de\/?page_id=4116\"><img loading=\"lazy\" decoding=\"async\" class=\"size-full wp-image-2135 aligncenter\" src=\"http:\/\/blog-conny-dethloff.de\/wp-content\/uploads\/2012\/12\/link.png\" alt=\"link\" width=\"16\" height=\"16\" \/><\/a><\/td>\n<\/tr>\n<tr>\n<td style=\"text-align: left;\">Vortragsunterlagen<\/td>\n<td style=\"text-align: center;\"><a href=\"https:\/\/blog-conny-dethloff.de\/?page_id=4111\"><img loading=\"lazy\" decoding=\"async\" class=\"size-full wp-image-2135 aligncenter\" src=\"http:\/\/blog-conny-dethloff.de\/wp-content\/uploads\/2012\/12\/link.png\" alt=\"link\" width=\"16\" height=\"16\" \/><\/a><\/td>\n<\/tr>\n<\/tbody>\n<\/table>\n<span id=\"post-ratings-4109\" class=\"post-ratings\" data-nonce=\"7b37552323\"><img decoding=\"async\" id=\"rating_4109_1\" src=\"https:\/\/blog-conny-dethloff.de\/wp-content\/plugins\/wp-postratings\/images\/stars\/rating_on.gif\" alt=\"1 Star\" title=\"1 Star\" onmouseover=\"current_rating(4109, 1, '1 Star');\" onmouseout=\"ratings_off(5, 0, 0);\" onclick=\"rate_post();\" onkeypress=\"rate_post();\" style=\"cursor: pointer; border: 0px;\" \/><img decoding=\"async\" id=\"rating_4109_2\" src=\"https:\/\/blog-conny-dethloff.de\/wp-content\/plugins\/wp-postratings\/images\/stars\/rating_on.gif\" alt=\"2 Stars\" title=\"2 Stars\" onmouseover=\"current_rating(4109, 2, '2 Stars');\" onmouseout=\"ratings_off(5, 0, 0);\" onclick=\"rate_post();\" onkeypress=\"rate_post();\" style=\"cursor: pointer; border: 0px;\" \/><img decoding=\"async\" id=\"rating_4109_3\" src=\"https:\/\/blog-conny-dethloff.de\/wp-content\/plugins\/wp-postratings\/images\/stars\/rating_on.gif\" alt=\"3 Stars\" title=\"3 Stars\" onmouseover=\"current_rating(4109, 3, '3 Stars');\" onmouseout=\"ratings_off(5, 0, 0);\" onclick=\"rate_post();\" onkeypress=\"rate_post();\" style=\"cursor: pointer; border: 0px;\" \/><img decoding=\"async\" id=\"rating_4109_4\" src=\"https:\/\/blog-conny-dethloff.de\/wp-content\/plugins\/wp-postratings\/images\/stars\/rating_on.gif\" alt=\"4 Stars\" title=\"4 Stars\" onmouseover=\"current_rating(4109, 4, '4 Stars');\" onmouseout=\"ratings_off(5, 0, 0);\" onclick=\"rate_post();\" onkeypress=\"rate_post();\" style=\"cursor: pointer; border: 0px;\" \/><img decoding=\"async\" id=\"rating_4109_5\" src=\"https:\/\/blog-conny-dethloff.de\/wp-content\/plugins\/wp-postratings\/images\/stars\/rating_on.gif\" alt=\"5 Stars\" title=\"5 Stars\" onmouseover=\"current_rating(4109, 5, '5 Stars');\" onmouseout=\"ratings_off(5, 0, 0);\" onclick=\"rate_post();\" onkeypress=\"rate_post();\" style=\"cursor: pointer; border: 0px;\" \/> (<strong>2<\/strong> Bewertung(en), Durchschnitt: <strong>5.00<\/strong> von 5)<br \/><span class=\"post-ratings-text\" id=\"ratings_4109_text\"><\/span><\/span><span id=\"post-ratings-4109-loading\" class=\"post-ratings-loading\"><img loading=\"lazy\" decoding=\"async\" src=\"https:\/\/blog-conny-dethloff.de\/wp-content\/plugins\/wp-postratings\/images\/loading.gif\" width=\"16\" height=\"16\" class=\"post-ratings-image\" \/>Loading...<\/span>\n","protected":false},"excerpt":{"rendered":"<p>Hier finden Sie alles Wissenswerte zu meinen \u00f6ffentlichen Auftritten auf Konferenzen, Kongressen, MeetUps etc. Dazu z\u00e4hlen Impressionen vergangener Auftritte in Bild und Ton, die Pr\u00e4sentationsunterlagen sowie anstehende bereits geplante Termine, an denen ich als Speaker t\u00e4tig bin und an denen &hellip; <a href=\"https:\/\/blog-conny-dethloff.de\/?page_id=4109\">Continue reading <span class=\"meta-nav\">&rarr;<\/span><\/a><\/p>\n","protected":false},"author":1,"featured_media":0,"parent":0,"menu_order":0,"comment_status":"closed","ping_status":"closed","template":"","meta":{"footnotes":""},"class_list":["post-4109","page","type-page","status-publish","hentry"],"_links":{"self":[{"href":"https:\/\/blog-conny-dethloff.de\/index.php?rest_route=\/wp\/v2\/pages\/4109","targetHints":{"allow":["GET"]}}],"collection":[{"href":"https:\/\/blog-conny-dethloff.de\/index.php?rest_route=\/wp\/v2\/pages"}],"about":[{"href":"https:\/\/blog-conny-dethloff.de\/index.php?rest_route=\/wp\/v2\/types\/page"}],"author":[{"embeddable":true,"href":"https:\/\/blog-conny-dethloff.de\/index.php?rest_route=\/wp\/v2\/users\/1"}],"replies":[{"embeddable":true,"href":"https:\/\/blog-conny-dethloff.de\/index.php?rest_route=%2Fwp%2Fv2%2Fcomments&post=4109"}],"version-history":[{"count":6,"href":"https:\/\/blog-conny-dethloff.de\/index.php?rest_route=\/wp\/v2\/pages\/4109\/revisions"}],"predecessor-version":[{"id":4151,"href":"https:\/\/blog-conny-dethloff.de\/index.php?rest_route=\/wp\/v2\/pages\/4109\/revisions\/4151"}],"wp:attachment":[{"href":"https:\/\/blog-conny-dethloff.de\/index.php?rest_route=%2Fwp%2Fv2%2Fmedia&parent=4109"}],"curies":[{"name":"wp","href":"https:\/\/api.w.org\/{rel}","templated":true}]}}