{"id":4036,"date":"2018-01-14T16:03:27","date_gmt":"2018-01-14T15:03:27","guid":{"rendered":"http:\/\/blog-conny-dethloff.de\/?page_id=4036"},"modified":"2021-02-08T06:43:16","modified_gmt":"2021-02-08T05:43:16","slug":"business-systemics","status":"publish","type":"page","link":"https:\/\/blog-conny-dethloff.de\/?page_id=4036","title":{"rendered":"Business Systemics: Beitragsreihe"},"content":{"rendered":"<p>Ich habe im M\u00e4rz 2017 begonnen, mein Denken \u00fcber die Wirtschaft strukturiert zu verschriftlichen. Das neue Denken dar\u00fcber begann bei mir&nbsp;im Jahre 2006. Mit Beginn dieses Logbuchs, also Ende 2009, habe ich dann (un)strukturiert dar\u00fcber reflektiert. Nun also eine neue Form&nbsp;des Festhaltens meiner Gedanken, vor allem ausschlie\u00dflich im Kontext von Steuerung und Regelung von Unternehmen.<\/p>\n<p>Ich nutze daf\u00fcr Erkenntnisse aus vor allem verbindenden und integrierenden Forschungsrichtungen, wie zum Beispiel Philosophie, Kybernetik, System- und Chaostheorie, und setze diese zu einem neuen Bild zusammen. Daf\u00fcr habe ich den Begriff &#8220;Business Systemics&#8221; erfunden. Die Reflektion dieser Erkenntnisse erscheinen sukzessive in Beitr\u00e4gen auf der <a href=\"https:\/\/www.lean-knowledge-base.de\/\">Lean Knowledge Base<\/a>.<\/p>\n<p>Viele der Ergebnisse sind vielleicht, f\u00fcr sich isoliert dargestellt, nicht neu. Ich glaube aber, dass der Schl\u00fcssel in der Vernetzung liegt, also im Zusammendenken dieser Ergebnisse, weil genau daraus dann neue Sichtweisen und damit neue Erkenntnisse entstehen.<\/p>\n<p>8 Beitr\u00e4ge sind derzeit live. Diese sind in der unteren Tabelle zeitlich chronologisch aufgef\u00fchrt.<\/p>\n<p>Im <a href=\"https:\/\/blog-conny-dethloff.de\/?p=4507\">nullten Beitrag<\/a>, der zeitlich nach dem ersten bis siebenten entstanden ist, formuliere ich die Notwendigkeit, einen neuen Denkrahmen f\u00fcr die Sicht auf Unternehmen zu generieren, um innerhalb dieser neuen Pr\u00e4missen wirklichen Fortschritt, vor allem auch im Sinne der Menschen, zu erzielen.<\/p>\n<p><a href=\"https:\/\/www.lean-knowledge-base.de\/business-systemics-unternehmensfuehrung-trifft-systemtheorie-und-kybernetik\/\">Im ersten Beitrag<\/a> habe ich das Anliegen dieses Projektes kurz skizziert und damit den Rahmen geschaffen.<\/p>\n<p><a href=\"https:\/\/www.lean-knowledge-base.de\/business-systemics-der-value-proposition-canvas-vpc\/\">Im zweiten Teil<\/a> habe ich dann eine der wichtigsten Aktivit\u00e4ten, die in jedem Unternehmen sorgf\u00e4ltig und regelm\u00e4\u00dfig&nbsp;angegangen werden sollte, angereicht, n\u00e4mlich die Definition der Identit\u00e4t eines Unternehmens. Es wird gezeigt, wie mit Hilfe des Value Proposition Canvas eine Positionierung eines Unternehmens am Markt vorgenommen werden kann.<\/p>\n<p>Im <a href=\"https:\/\/www.lean-knowledge-base.de\/business-systemics-unternehmen-als-geflecht-aus-wertstroemen\/\">dritten<\/a>, <a href=\"https:\/\/www.lean-knowledge-base.de\/business-systemics-die-wertstromebene-1-im-unternehmen-als-vsm-dargestellt\/\">vierten,<\/a> <a href=\"https:\/\/www.lean-knowledge-base.de\/business-systemics-die-wertstromebene-2-im-unternehmen-als-vsm-dargestellt\/\">f\u00fcnften<\/a> und <a href=\"https:\/\/www.lean-knowledge-base.de\/business-systemics-die-wertstromebenen-1-und-2-im-unternehmen-im-zusammenspiel\/\">sechsten<\/a> Beitrag habe ich dann ein Unternehmen strukturell mit Hilfe des Viable System Models (VSM) modelliert. Der entscheidende Unterschied zur herk\u00f6mmlichen funktionalen Strukturierung eines Unternehmens ist, dass bei dieser Modellierung eine konsequente Ausrichtung auf den Markt erfolgt, in dem das Unternehmen in Wertstr\u00f6me fraktal aufgebaut wird. Der Vorteil dabei ist, dass das Unternehmen entlang der Wert- und Geldstr\u00f6me zum und vom Markt dargestellt wird und man damit klare Verantwortlichkeiten f\u00fcr Erfolg und Misserfolg schafft.<\/p>\n<p><a href=\"https:\/\/www.lean-knowledge-base.de\/business-systemics-steuern-und-regeln-der-wertstroeme-nach-dem-toc-durchsatzcontrolling\/\">Im Beitrag&nbsp;sieben<\/a> gehen wir&nbsp;dann in&nbsp;die Steuerung und Regelung&nbsp;der einzelnen Wertstr\u00f6me hinein und damit zu einem weiteren Denkrahmen, Theory of Constraints. \u00dcber dieses Modell wird eine einheitliche Steuerungs- und Regelungssprache entwickelt, die f\u00fcr jeden Wertstrom verbindlich ist. In diesem Zuge wird ein neuer Controllingrahmen, das Durchsatzcontrolling, aufgespannt und die Vorteile zur herk\u00f6mmlichen Methodik, dem Kostencontrolling, thematisiert.<\/p>\n<p>Im 8. Beitrag werde ich diesen Denkrahmen des Durchsatzcontrollings noch weiter beleuchten und in diesem Zusammenhang die Unterschiede zum allseits bekannten Kostencontrolling heraus arbeiten.<\/p>\n<p>Im 9. Beitrag werde ich&nbsp;dann&nbsp;die Kommunikation innerhalb der bis zum 6. Beitrag modellierten lebensf\u00e4higen Teilsysteme (Wertstr\u00f6me,&nbsp;Wertstrombereiche und Wertstromebenen)&nbsp;eines Unternehmens behandeln. Es werden Kommunikations- und Abstimmungswege zur Verst\u00e4ndigung innerhalb einer Wertstromebene und \u00fcber die Wertstromebenen und \u2013bereiche hinweg modelliert. Auch in diesem Kontext kommen wir auf Stafford Beer, der ja auch das Viable System Model erfunden hat, zu sprechen. Wir schauen uns n\u00e4mlich Team Syntegrity an.<\/p>\n<p>Die weiteren Gedankeng\u00e4nge sind derzeit noch offen bzw. ergeben sich mit Ausarbeitung der noch offenen Themen bis zum Beitrag 8.<\/p>\n<p>Alle bislang ver\u00f6ffentlichten Beitr\u00e4ge sind hier in chronologischer Reihenfolge aufgelistet.<\/p>\n<table style=\"background-color: #ffffff;\" width=\"100%\" cellspacing=\"3\" cellpadding=\"2\" border=\"2\">\n<tbody>\n<tr>\n<td style=\"text-align: left;\"><strong>Beitrag<\/strong><\/td>\n<td style=\"text-align: left;\"><strong>Link<\/strong><\/td>\n<\/tr>\n<tr>\n<td style=\"text-align: left;\">Unternehmen NEU denken, um den digitalen Wandel erfolgreich zu gestalten<\/td>\n<td style=\"text-align: center;\"><a href=\"https:\/\/blog-conny-dethloff.de\/?p=4507\"><img loading=\"lazy\" decoding=\"async\" class=\"size-full wp-image-2135 aligncenter\" src=\"http:\/\/blog-conny-dethloff.de\/wp-content\/uploads\/2012\/12\/link.png\" alt=\"link\" width=\"16\" height=\"16\"><\/a><\/td>\n<\/tr>\n<tr>\n<td style=\"text-align: left;\">Business Systemics \u2013 Unternehmensf\u00fchrung trifft Systemtheorie und Kybernetik<\/td>\n<td style=\"text-align: center;\"><a href=\"https:\/\/www.lean-knowledge-base.de\/business-systemics-unternehmensfuehrung-trifft-systemtheorie-und-kybernetik\/\"><img loading=\"lazy\" decoding=\"async\" class=\"size-full wp-image-2135 aligncenter\" src=\"http:\/\/blog-conny-dethloff.de\/wp-content\/uploads\/2012\/12\/link.png\" alt=\"link\" width=\"16\" height=\"16\"><\/a><\/td>\n<\/tr>\n<tr>\n<td style=\"text-align: left;\">Business Systemics \u2013 Der Value Proposition Canvas (VPC)<\/td>\n<td style=\"text-align: center;\"><a href=\"https:\/\/www.lean-knowledge-base.de\/business-systemics-der-value-proposition-canvas-vpc\/\"><img loading=\"lazy\" decoding=\"async\" class=\"size-full wp-image-2135 aligncenter\" src=\"http:\/\/blog-conny-dethloff.de\/wp-content\/uploads\/2012\/12\/link.png\" alt=\"link\" width=\"16\" height=\"16\"><\/a><\/td>\n<\/tr>\n<tr>\n<td style=\"text-align: left;\">Business Systemics \u2013 Unternehmen als Geflecht aus Wertstr\u00f6men<\/td>\n<td style=\"text-align: center;\"><a href=\"https:\/\/www.lean-knowledge-base.de\/business-systemics-unternehmen-als-geflecht-aus-wertstroemen\/\"><img loading=\"lazy\" decoding=\"async\" class=\"size-full wp-image-2135 aligncenter\" src=\"http:\/\/blog-conny-dethloff.de\/wp-content\/uploads\/2012\/12\/link.png\" alt=\"link\" width=\"16\" height=\"16\"><\/a><\/td>\n<\/tr>\n<tr>\n<td style=\"text-align: left;\">Business Systemics \u2013 Die Wertstromebene 1 im Unternehmen als VSM dargestellt<\/td>\n<td style=\"text-align: center;\"><a href=\"https:\/\/www.lean-knowledge-base.de\/business-systemics-die-wertstromebene-1-im-unternehmen-als-vsm-dargestellt\/\"><img loading=\"lazy\" decoding=\"async\" class=\"size-full wp-image-2135 aligncenter\" src=\"http:\/\/blog-conny-dethloff.de\/wp-content\/uploads\/2012\/12\/link.png\" alt=\"link\" width=\"16\" height=\"16\"><\/a><\/td>\n<\/tr>\n<tr>\n<td style=\"text-align: left;\">Business Systemics \u2013 Die Wertstromebene 2 im Unternehmen als VSM dargestellt<\/td>\n<td style=\"text-align: center;\"><a href=\"https:\/\/www.lean-knowledge-base.de\/business-systemics-die-wertstromebene-2-im-unternehmen-als-vsm-dargestellt\/\"><img loading=\"lazy\" decoding=\"async\" class=\"size-full wp-image-2135 aligncenter\" src=\"http:\/\/blog-conny-dethloff.de\/wp-content\/uploads\/2012\/12\/link.png\" alt=\"link\" width=\"16\" height=\"16\"><\/a><\/td>\n<\/tr>\n<tr>\n<td style=\"text-align: left;\">Business Systemics \u2013 Die Wertstromebenen 1 und 2 im Unternehmen im Zusammenspiel<\/td>\n<td style=\"text-align: center;\"><a href=\"https:\/\/www.lean-knowledge-base.de\/business-systemics-die-wertstromebenen-1-und-2-im-unternehmen-im-zusammenspiel\/\"><img loading=\"lazy\" decoding=\"async\" class=\"size-full wp-image-2135 aligncenter\" src=\"http:\/\/blog-conny-dethloff.de\/wp-content\/uploads\/2012\/12\/link.png\" alt=\"link\" width=\"16\" height=\"16\"><\/a><\/td>\n<\/tr>\n<tr>\n<td style=\"text-align: left;\">Business Systemics \u2013 Steuern und Regeln der Wertstr\u00f6me nach dem ToC Durchsatzcontrolling<\/td>\n<td style=\"text-align: center;\"><a href=\"https:\/\/www.lean-knowledge-base.de\/business-systemics-steuern-und-regeln-der-wertstroeme-nach-dem-toc-durchsatzcontrolling\/\"><img loading=\"lazy\" decoding=\"async\" class=\"size-full wp-image-2135 aligncenter\" src=\"http:\/\/blog-conny-dethloff.de\/wp-content\/uploads\/2012\/12\/link.png\" alt=\"link\" width=\"16\" height=\"16\"><\/a><\/td>\n<\/tr>\n<\/tbody>\n<\/table>\n<span id=\"post-ratings-4036\" class=\"post-ratings\" data-nonce=\"f0eccc8080\"><img decoding=\"async\" id=\"rating_4036_1\" src=\"https:\/\/blog-conny-dethloff.de\/wp-content\/plugins\/wp-postratings\/images\/stars\/rating_on.gif\" alt=\"1 Star\" title=\"1 Star\" onmouseover=\"current_rating(4036, 1, '1 Star');\" onmouseout=\"ratings_off(5, 0, 0);\" onclick=\"rate_post();\" onkeypress=\"rate_post();\" style=\"cursor: pointer; border: 0px;\" \/><img decoding=\"async\" id=\"rating_4036_2\" src=\"https:\/\/blog-conny-dethloff.de\/wp-content\/plugins\/wp-postratings\/images\/stars\/rating_on.gif\" alt=\"2 Stars\" title=\"2 Stars\" onmouseover=\"current_rating(4036, 2, '2 Stars');\" onmouseout=\"ratings_off(5, 0, 0);\" onclick=\"rate_post();\" onkeypress=\"rate_post();\" style=\"cursor: pointer; border: 0px;\" \/><img decoding=\"async\" id=\"rating_4036_3\" src=\"https:\/\/blog-conny-dethloff.de\/wp-content\/plugins\/wp-postratings\/images\/stars\/rating_on.gif\" alt=\"3 Stars\" title=\"3 Stars\" onmouseover=\"current_rating(4036, 3, '3 Stars');\" onmouseout=\"ratings_off(5, 0, 0);\" onclick=\"rate_post();\" onkeypress=\"rate_post();\" style=\"cursor: pointer; border: 0px;\" \/><img decoding=\"async\" id=\"rating_4036_4\" src=\"https:\/\/blog-conny-dethloff.de\/wp-content\/plugins\/wp-postratings\/images\/stars\/rating_on.gif\" alt=\"4 Stars\" title=\"4 Stars\" onmouseover=\"current_rating(4036, 4, '4 Stars');\" onmouseout=\"ratings_off(5, 0, 0);\" onclick=\"rate_post();\" onkeypress=\"rate_post();\" style=\"cursor: pointer; border: 0px;\" \/><img decoding=\"async\" id=\"rating_4036_5\" src=\"https:\/\/blog-conny-dethloff.de\/wp-content\/plugins\/wp-postratings\/images\/stars\/rating_on.gif\" alt=\"5 Stars\" title=\"5 Stars\" onmouseover=\"current_rating(4036, 5, '5 Stars');\" onmouseout=\"ratings_off(5, 0, 0);\" onclick=\"rate_post();\" onkeypress=\"rate_post();\" style=\"cursor: pointer; border: 0px;\" \/> (<strong>6<\/strong> Bewertung(en), Durchschnitt: <strong>5.00<\/strong> von 5)<br \/><span class=\"post-ratings-text\" id=\"ratings_4036_text\"><\/span><\/span><span id=\"post-ratings-4036-loading\" class=\"post-ratings-loading\"><img loading=\"lazy\" decoding=\"async\" src=\"https:\/\/blog-conny-dethloff.de\/wp-content\/plugins\/wp-postratings\/images\/loading.gif\" width=\"16\" height=\"16\" class=\"post-ratings-image\" \/>Loading...<\/span>\n","protected":false},"excerpt":{"rendered":"<p>Ich habe im M\u00e4rz 2017 begonnen, mein Denken \u00fcber die Wirtschaft strukturiert zu verschriftlichen. Das neue Denken dar\u00fcber begann bei mir&nbsp;im Jahre 2006. Mit Beginn dieses Logbuchs, also Ende 2009, habe ich dann (un)strukturiert dar\u00fcber reflektiert. Nun also eine neue &hellip; <a href=\"https:\/\/blog-conny-dethloff.de\/?page_id=4036\">Continue reading <span class=\"meta-nav\">&rarr;<\/span><\/a><\/p>\n","protected":false},"author":1,"featured_media":0,"parent":4034,"menu_order":2,"comment_status":"closed","ping_status":"closed","template":"","meta":{"footnotes":""},"class_list":["post-4036","page","type-page","status-publish","hentry"],"_links":{"self":[{"href":"https:\/\/blog-conny-dethloff.de\/index.php?rest_route=\/wp\/v2\/pages\/4036","targetHints":{"allow":["GET"]}}],"collection":[{"href":"https:\/\/blog-conny-dethloff.de\/index.php?rest_route=\/wp\/v2\/pages"}],"about":[{"href":"https:\/\/blog-conny-dethloff.de\/index.php?rest_route=\/wp\/v2\/types\/page"}],"author":[{"embeddable":true,"href":"https:\/\/blog-conny-dethloff.de\/index.php?rest_route=\/wp\/v2\/users\/1"}],"replies":[{"embeddable":true,"href":"https:\/\/blog-conny-dethloff.de\/index.php?rest_route=%2Fwp%2Fv2%2Fcomments&post=4036"}],"version-history":[{"count":20,"href":"https:\/\/blog-conny-dethloff.de\/index.php?rest_route=\/wp\/v2\/pages\/4036\/revisions"}],"predecessor-version":[{"id":48573,"href":"https:\/\/blog-conny-dethloff.de\/index.php?rest_route=\/wp\/v2\/pages\/4036\/revisions\/48573"}],"up":[{"embeddable":true,"href":"https:\/\/blog-conny-dethloff.de\/index.php?rest_route=\/wp\/v2\/pages\/4034"}],"wp:attachment":[{"href":"https:\/\/blog-conny-dethloff.de\/index.php?rest_route=%2Fwp%2Fv2%2Fmedia&parent=4036"}],"curies":[{"name":"wp","href":"https:\/\/api.w.org\/{rel}","templated":true}]}}