{"id":2911,"date":"2014-09-24T08:21:49","date_gmt":"2014-09-24T07:21:49","guid":{"rendered":"http:\/\/blog-conny-dethloff.de\/?page_id=2911"},"modified":"2021-11-14T12:27:52","modified_gmt":"2021-11-14T11:27:52","slug":"implulsvideos","status":"publish","type":"page","link":"https:\/\/blog-conny-dethloff.de\/?page_id=2911","title":{"rendered":"Impulsvideos"},"content":{"rendered":"<p>In dieser Sektion reiche ich Ihnen einige Impulsvideos an, die mich auf meiner Reise des Verstehens begeistert und dementsprechend auch beeinflusst haben. Das, was alle Vortragenden eint, ist, dass sie Themen und Sachverhalte, mit denen sie sich besch\u00e4ftigen, stets ganzheitlich betrachten, evaluieren und darlegen. Das ist eben exakt der Punkt, der mich fasziniert und weshalb ich diese Videos hier an dieser Stelle prominent heraus stelle. Aber sehen und lauschen Sie selbst.<\/p>\n<h2>Gotthard G\u00fcnther<\/h2>\n<h4>Vorlesung \u00fcber Naturphilosophie an der Universit\u00e4t Hamburg 1981<\/h4>\n<p><iframe loading=\"lazy\" title=\"Gotthard G\u00fcnthers Vorlesung \u00fcber Naturphilosophie - WS 1981 - Universit\u00e4t Hamburg\" width=\"640\" height=\"360\" src=\"https:\/\/www.youtube.com\/embed\/videoseries?list=PLId4JFm4wvmutcxAGGpH3EivpHWzJAwdH\" frameborder=\"0\" allow=\"accelerometer; autoplay; clipboard-write; encrypted-media; gyroscope; picture-in-picture; web-share\" referrerpolicy=\"strict-origin-when-cross-origin\" allowfullscreen><\/iframe><\/p>\n<h4>Transzendentalphilosophische Grundlagen der Kybernetik Teil 1<\/h4>\n<p><iframe loading=\"lazy\" title=\"Gotthard G\u00fcnther - Transzendentalphilosophische Grundlagen der Kybernetik Teil 1\" width=\"640\" height=\"360\" src=\"https:\/\/www.youtube.com\/embed\/xokyh7QVOjY?feature=oembed\" frameborder=\"0\" allow=\"accelerometer; autoplay; clipboard-write; encrypted-media; gyroscope; picture-in-picture; web-share\" referrerpolicy=\"strict-origin-when-cross-origin\" allowfullscreen><\/iframe><\/p>\n<h4>Transzendentalphilosophische Grundlagen der Kybernetik Teil 2<\/h4>\n<p><iframe loading=\"lazy\" title=\"Gotthard G\u00fcnther - Transzendentalphilosophische Grundlagen der Kybernetik Teil 2\" width=\"640\" height=\"360\" src=\"https:\/\/www.youtube.com\/embed\/rZPMtMG7mE0?feature=oembed\" frameborder=\"0\" allow=\"accelerometer; autoplay; clipboard-write; encrypted-media; gyroscope; picture-in-picture; web-share\" referrerpolicy=\"strict-origin-when-cross-origin\" allowfullscreen><\/iframe><\/p>\n<h2>Heinz von F\u00f6rster<\/h2>\n<h4>Tanz mit der Welt &#8211; Teil 1 bis 4<\/h4>\n<p><iframe loading=\"lazy\" title=\"Tanz mit der Welt Part 0   Heinz von Foerster\" width=\"640\" height=\"480\" src=\"https:\/\/www.youtube.com\/embed\/okaf0LW38Xc?feature=oembed\" frameborder=\"0\" allow=\"accelerometer; autoplay; clipboard-write; encrypted-media; gyroscope; picture-in-picture; web-share\" referrerpolicy=\"strict-origin-when-cross-origin\" allowfullscreen><\/iframe><\/p>\n<h4>Einf\u00fchrung in die KybernEthik &#8211; Teil 1 bis 3<\/h4>\n<p><iframe loading=\"lazy\" title=\"Einf\u00fchrung in die Kyber-ethik Heinz von Foersters Teil I\" width=\"640\" height=\"480\" src=\"https:\/\/www.youtube.com\/embed\/PeE9eAoT6x8?feature=oembed\" frameborder=\"0\" allow=\"accelerometer; autoplay; clipboard-write; encrypted-media; gyroscope; picture-in-picture; web-share\" referrerpolicy=\"strict-origin-when-cross-origin\" allowfullscreen><\/iframe><\/p>\n<h4>Kurzbiografie und die Geschichte der Entwicklung seiner Prinzipien der Selbstorganisation<\/h4>\n<p>https:\/\/youtu.be\/-OPdH8Pk6x4<\/p>\n<h2>Paul Watzlawick<\/h2>\n<h4>Wie wirklich ist die Wirklichkeit?<\/h4>\n<p>https:\/\/www.youtube.com\/watch?v=1Xbh7rKnJ4s<\/p>\n<h4>Wenn die L\u00f6sung das Problem ist<\/h4>\n<p><iframe loading=\"lazy\" title=\"Wenn die L\u00f6sung das Problem ist\" width=\"640\" height=\"480\" src=\"https:\/\/www.youtube.com\/embed\/UItQrQDged0?feature=oembed\" frameborder=\"0\" allow=\"accelerometer; autoplay; clipboard-write; encrypted-media; gyroscope; picture-in-picture; web-share\" referrerpolicy=\"strict-origin-when-cross-origin\" allowfullscreen><\/iframe><\/p>\n<h2>Ernst von Glasersfeld<\/h2>\n<h4>Videoaufzeichnung aus der Seminarreihe &#8220;Innsbruck Lectures on Constructivism&#8221; &#8211; Teil 1<\/h4>\n<p><iframe loading=\"lazy\" title=\"\u201cInnsbruck Lectures on Constructivism\u201d Seminar 1999 Ernst von Glasersfeld I.1\" width=\"640\" height=\"480\" src=\"https:\/\/www.youtube.com\/embed\/NnKmuuy6aic?feature=oembed\" frameborder=\"0\" allow=\"accelerometer; autoplay; clipboard-write; encrypted-media; gyroscope; picture-in-picture; web-share\" referrerpolicy=\"strict-origin-when-cross-origin\" allowfullscreen><\/iframe><\/p>\n<h4>Videoaufzeichnung aus der Seminarreihe &#8220;Innsbruck Lectures on Constructivism&#8221; &#8211; Teil 2<\/h4>\n<p><iframe loading=\"lazy\" title=\"\u201cInnsbruck Lectures on Constructivism\u201d Seminar 1999 Ernst von Glaserfeld I.2\" width=\"640\" height=\"480\" src=\"https:\/\/www.youtube.com\/embed\/7WgQAfA5STA?feature=oembed\" frameborder=\"0\" allow=\"accelerometer; autoplay; clipboard-write; encrypted-media; gyroscope; picture-in-picture; web-share\" referrerpolicy=\"strict-origin-when-cross-origin\" allowfullscreen><\/iframe><\/p>\n<h2>Hans-Peter D\u00fcrr<\/h2>\n<h4>Wir erleben mehr als wir begreifen<\/h4>\n<p><iframe loading=\"lazy\" title=\"Wir erleben mehr als wir begreifen von Prof.Dr.Hans-Peter D\u00fcrr\" width=\"640\" height=\"480\" src=\"https:\/\/www.youtube.com\/embed\/oVEQoUynYHk?feature=oembed\" frameborder=\"0\" allow=\"accelerometer; autoplay; clipboard-write; encrypted-media; gyroscope; picture-in-picture; web-share\" referrerpolicy=\"strict-origin-when-cross-origin\" allowfullscreen><\/iframe><\/p>\n<h4>Gespr\u00e4ch zur Quantenphysik<\/h4>\n<p><iframe loading=\"lazy\" title=\"Hans-Peter D\u00fcrr - Gespr\u00e4ch zur ganzheitlichen Physik (2010)\" width=\"640\" height=\"360\" src=\"https:\/\/www.youtube.com\/embed\/FBG8aJr6wjc?feature=oembed\" frameborder=\"0\" allow=\"accelerometer; autoplay; clipboard-write; encrypted-media; gyroscope; picture-in-picture; web-share\" referrerpolicy=\"strict-origin-when-cross-origin\" allowfullscreen><\/iframe><\/p>\n<h4>Weil es ums Ganze geht<\/h4>\n<p><iframe loading=\"lazy\" title=\"Hans Peter Du\u0308rr &quot;Weil es ums Ganze geht&quot; \/\/ Vortrag lang \/\/ GLOBART 2011\" width=\"640\" height=\"360\" src=\"https:\/\/www.youtube.com\/embed\/RKma6xCTIBE?feature=oembed\" frameborder=\"0\" allow=\"accelerometer; autoplay; clipboard-write; encrypted-media; gyroscope; picture-in-picture; web-share\" referrerpolicy=\"strict-origin-when-cross-origin\" allowfullscreen><\/iframe><\/p>\n<h2>Arno Gruen<\/h2>\n<h4>Leben als Original (Sternstunde Philosophie, 7.6.15)<\/h4>\n<p><iframe loading=\"lazy\" title=\"Arno Gruen - Leben als Original | Sternstunde Philosophie | SRF Kultur\" width=\"640\" height=\"360\" src=\"https:\/\/www.youtube.com\/embed\/cPfz8U-Yogo?feature=oembed\" frameborder=\"0\" allow=\"accelerometer; autoplay; clipboard-write; encrypted-media; gyroscope; picture-in-picture; web-share\" referrerpolicy=\"strict-origin-when-cross-origin\" allowfullscreen><\/iframe><\/p>\n<h4>Gespaltenes Bewusstsein. Empathie versus Kognition<\/h4>\n<p>http:\/\/youtu.be\/hHI1jm3uwwo<\/p>\n<h2>Gerald H\u00fcther<\/h2>\n<h4>Gl\u00fccksgef\u00fchle im Kontext Lernen<\/h4>\n<p><iframe loading=\"lazy\" title=\"Genialer Vortrag! &quot;Gl\u00fccksgef\u00fchle&quot; (Prof. Gerald H\u00fcther)\" width=\"640\" height=\"360\" src=\"https:\/\/www.youtube.com\/embed\/zW1U-JUl7tg?feature=oembed\" frameborder=\"0\" allow=\"accelerometer; autoplay; clipboard-write; encrypted-media; gyroscope; picture-in-picture; web-share\" referrerpolicy=\"strict-origin-when-cross-origin\" allowfullscreen><\/iframe><\/p>\n<h4>Potentialentfaltung \u2013 Was wir sind oder was wir sein k\u00f6nnten<\/h4>\n<p><iframe loading=\"lazy\" title=\"Gerald H\u00fcther: Potentialentfaltung \u2013 Was wir sind oder was wir sein k\u00f6nnten\" width=\"640\" height=\"360\" src=\"https:\/\/www.youtube.com\/embed\/3Bn6RzBZlJ4?feature=oembed\" frameborder=\"0\" allow=\"accelerometer; autoplay; clipboard-write; encrypted-media; gyroscope; picture-in-picture; web-share\" referrerpolicy=\"strict-origin-when-cross-origin\" allowfullscreen><\/iframe><\/p>\n<h2>Hermann Haken<\/h2>\n<h4>Synergetik: Selbstorganisation in komplexen Systemen<\/h4>\n<p><iframe loading=\"lazy\" title=\"Hermann Haken: Synergetik: Selbstorganisation in komplexen Systemen\" width=\"640\" height=\"360\" src=\"https:\/\/www.youtube.com\/embed\/l3rnHiweKzM?feature=oembed\" frameborder=\"0\" allow=\"accelerometer; autoplay; clipboard-write; encrypted-media; gyroscope; picture-in-picture; web-share\" referrerpolicy=\"strict-origin-when-cross-origin\" allowfullscreen><\/iframe><\/p>\n<h2>Rolf Arnold<\/h2>\n<h4>Wie man f\u00fchrt, ohne zu dominieren &#8211; Wie man lehrt, ohne zu belehren<\/h4>\n<p><iframe loading=\"lazy\" title=\"Prof.  Dr.  Rolf Arnold - Wie man f\u00fchrt, ohne zu dominieren - Wie man lehrt, ohne zu belehren\" width=\"640\" height=\"360\" src=\"https:\/\/www.youtube.com\/embed\/5CdcCFd7JGY?feature=oembed\" frameborder=\"0\" allow=\"accelerometer; autoplay; clipboard-write; encrypted-media; gyroscope; picture-in-picture; web-share\" referrerpolicy=\"strict-origin-when-cross-origin\" allowfullscreen><\/iframe><\/p>\n<h4>Wissen ist keine Kompetenz<\/h4>\n<p><iframe loading=\"lazy\" title=\"Wissen ist keine Kompetenz \u2013 Gespr\u00e4ch mit Rolf Arnold und John Erpenbeck\" width=\"640\" height=\"480\" src=\"https:\/\/www.youtube.com\/embed\/6OZqtEgJ87c?feature=oembed\" frameborder=\"0\" allow=\"accelerometer; autoplay; clipboard-write; encrypted-media; gyroscope; picture-in-picture; web-share\" referrerpolicy=\"strict-origin-when-cross-origin\" allowfullscreen><\/iframe><\/p>\n<h2>Eliyahu Goldratt<\/h2>\n<h4>Basics of Theory of Constraints<\/h4>\n<p>https:\/\/youtu.be\/5HStf-XbsSo<\/p>\n<span id=\"post-ratings-2911\" class=\"post-ratings\" data-nonce=\"bfb0d9a5da\"><img decoding=\"async\" id=\"rating_2911_1\" src=\"https:\/\/blog-conny-dethloff.de\/wp-content\/plugins\/wp-postratings\/images\/stars\/rating_on.gif\" alt=\"1 Star\" title=\"1 Star\" onmouseover=\"current_rating(2911, 1, '1 Star');\" onmouseout=\"ratings_off(5, 0, 0);\" onclick=\"rate_post();\" onkeypress=\"rate_post();\" style=\"cursor: pointer; border: 0px;\" \/><img decoding=\"async\" id=\"rating_2911_2\" src=\"https:\/\/blog-conny-dethloff.de\/wp-content\/plugins\/wp-postratings\/images\/stars\/rating_on.gif\" alt=\"2 Stars\" title=\"2 Stars\" onmouseover=\"current_rating(2911, 2, '2 Stars');\" onmouseout=\"ratings_off(5, 0, 0);\" onclick=\"rate_post();\" onkeypress=\"rate_post();\" style=\"cursor: pointer; border: 0px;\" \/><img decoding=\"async\" id=\"rating_2911_3\" src=\"https:\/\/blog-conny-dethloff.de\/wp-content\/plugins\/wp-postratings\/images\/stars\/rating_on.gif\" alt=\"3 Stars\" title=\"3 Stars\" onmouseover=\"current_rating(2911, 3, '3 Stars');\" onmouseout=\"ratings_off(5, 0, 0);\" onclick=\"rate_post();\" onkeypress=\"rate_post();\" style=\"cursor: pointer; border: 0px;\" \/><img decoding=\"async\" id=\"rating_2911_4\" src=\"https:\/\/blog-conny-dethloff.de\/wp-content\/plugins\/wp-postratings\/images\/stars\/rating_on.gif\" alt=\"4 Stars\" title=\"4 Stars\" onmouseover=\"current_rating(2911, 4, '4 Stars');\" onmouseout=\"ratings_off(5, 0, 0);\" onclick=\"rate_post();\" onkeypress=\"rate_post();\" style=\"cursor: pointer; border: 0px;\" \/><img decoding=\"async\" id=\"rating_2911_5\" src=\"https:\/\/blog-conny-dethloff.de\/wp-content\/plugins\/wp-postratings\/images\/stars\/rating_on.gif\" alt=\"5 Stars\" title=\"5 Stars\" onmouseover=\"current_rating(2911, 5, '5 Stars');\" onmouseout=\"ratings_off(5, 0, 0);\" onclick=\"rate_post();\" onkeypress=\"rate_post();\" style=\"cursor: pointer; border: 0px;\" \/> (<strong>2<\/strong> Bewertung(en), Durchschnitt: <strong>5.00<\/strong> von 5)<br \/><span class=\"post-ratings-text\" id=\"ratings_2911_text\"><\/span><\/span><span id=\"post-ratings-2911-loading\" class=\"post-ratings-loading\"><img loading=\"lazy\" decoding=\"async\" src=\"https:\/\/blog-conny-dethloff.de\/wp-content\/plugins\/wp-postratings\/images\/loading.gif\" width=\"16\" height=\"16\" class=\"post-ratings-image\" \/>Loading...<\/span>\n","protected":false},"excerpt":{"rendered":"<p>In dieser Sektion reiche ich Ihnen einige Impulsvideos an, die mich auf meiner Reise des Verstehens begeistert und dementsprechend auch beeinflusst haben. Das, was alle Vortragenden eint, ist, dass sie Themen und Sachverhalte, mit denen sie sich besch\u00e4ftigen, stets ganzheitlich &hellip; <a href=\"https:\/\/blog-conny-dethloff.de\/?page_id=2911\">Continue reading <span class=\"meta-nav\">&rarr;<\/span><\/a><\/p>\n","protected":false},"author":1,"featured_media":0,"parent":0,"menu_order":2,"comment_status":"open","ping_status":"open","template":"","meta":{"footnotes":""},"class_list":["post-2911","page","type-page","status-publish","hentry"],"_links":{"self":[{"href":"https:\/\/blog-conny-dethloff.de\/index.php?rest_route=\/wp\/v2\/pages\/2911","targetHints":{"allow":["GET"]}}],"collection":[{"href":"https:\/\/blog-conny-dethloff.de\/index.php?rest_route=\/wp\/v2\/pages"}],"about":[{"href":"https:\/\/blog-conny-dethloff.de\/index.php?rest_route=\/wp\/v2\/types\/page"}],"author":[{"embeddable":true,"href":"https:\/\/blog-conny-dethloff.de\/index.php?rest_route=\/wp\/v2\/users\/1"}],"replies":[{"embeddable":true,"href":"https:\/\/blog-conny-dethloff.de\/index.php?rest_route=%2Fwp%2Fv2%2Fcomments&post=2911"}],"version-history":[{"count":34,"href":"https:\/\/blog-conny-dethloff.de\/index.php?rest_route=\/wp\/v2\/pages\/2911\/revisions"}],"predecessor-version":[{"id":48694,"href":"https:\/\/blog-conny-dethloff.de\/index.php?rest_route=\/wp\/v2\/pages\/2911\/revisions\/48694"}],"wp:attachment":[{"href":"https:\/\/blog-conny-dethloff.de\/index.php?rest_route=%2Fwp%2Fv2%2Fmedia&parent=2911"}],"curies":[{"name":"wp","href":"https:\/\/api.w.org\/{rel}","templated":true}]}}