{"id":2121,"date":"2012-12-19T13:52:53","date_gmt":"2012-12-19T12:52:53","guid":{"rendered":"http:\/\/blog-conny-dethloff.de\/?page_id=2121"},"modified":"2018-03-14T11:59:39","modified_gmt":"2018-03-14T10:59:39","slug":"publikationen","status":"publish","type":"page","link":"https:\/\/blog-conny-dethloff.de\/?page_id=2121","title":{"rendered":"Externe Publikationen"},"content":{"rendered":"<p>In dieser Sektion stelle ich Ihnen meine auf meiner Reise des Verstehens publizierten externen Ver\u00f6ffentlichungen dar.<\/p>\n<table style=\"background-color: #ffffff;\" border=\"2\" width=\"100%\" cellspacing=\"3\" cellpadding=\"2\">\n<tbody>\n<tr>\n<td style=\"text-align: left;\"><strong>Kategorie<\/strong><\/td>\n<td style=\"text-align: left;\"><strong>Link<\/strong><\/td>\n<\/tr>\n<tr>\n<td style=\"text-align: left;\">B\u00fccher, Buchb\u00e4nde, Zeitschriften und Papers<\/td>\n<td style=\"text-align: center;\"><a href=\"https:\/\/blog-conny-dethloff.de\/?page_id=4132\"><img loading=\"lazy\" decoding=\"async\" class=\"size-full wp-image-2135 aligncenter\" src=\"http:\/\/blog-conny-dethloff.de\/wp-content\/uploads\/2012\/12\/link.png\" alt=\"link\" width=\"16\" height=\"16\" \/><\/a><\/td>\n<\/tr>\n<tr>\n<td style=\"text-align: left;\">Interviews und Podcasts<\/td>\n<td style=\"text-align: center;\"><a href=\"https:\/\/blog-conny-dethloff.de\/?page_id=4134\"><img loading=\"lazy\" decoding=\"async\" class=\"size-full wp-image-2135 aligncenter\" src=\"http:\/\/blog-conny-dethloff.de\/wp-content\/uploads\/2012\/12\/link.png\" alt=\"link\" width=\"16\" height=\"16\" \/><\/a><\/td>\n<\/tr>\n<tr>\n<td style=\"text-align: left;\">Modelle (Excel und Consideo)<\/td>\n<td style=\"text-align: center;\"><a href=\"https:\/\/blog-conny-dethloff.de\/?page_id=4136\"><img loading=\"lazy\" decoding=\"async\" class=\"size-full wp-image-2135 aligncenter\" src=\"http:\/\/blog-conny-dethloff.de\/wp-content\/uploads\/2012\/12\/link.png\" alt=\"link\" width=\"16\" height=\"16\" \/><\/a><\/td>\n<\/tr>\n<tr>\n<td style=\"text-align: left;\">Gastautor und -beitr\u00e4ge<\/td>\n<td style=\"text-align: center;\"><a href=\"https:\/\/blog-conny-dethloff.de\/?page_id=1967\"><img loading=\"lazy\" decoding=\"async\" class=\"size-full wp-image-2135 aligncenter\" src=\"http:\/\/blog-conny-dethloff.de\/wp-content\/uploads\/2012\/12\/link.png\" alt=\"link\" width=\"16\" height=\"16\" \/><\/a><\/td>\n<\/tr>\n<\/tbody>\n<\/table>\n<span id=\"post-ratings-2121\" class=\"post-ratings\" data-nonce=\"e388ce803d\"><img decoding=\"async\" id=\"rating_2121_1\" src=\"https:\/\/blog-conny-dethloff.de\/wp-content\/plugins\/wp-postratings\/images\/stars\/rating_on.gif\" alt=\"1 Star\" title=\"1 Star\" onmouseover=\"current_rating(2121, 1, '1 Star');\" onmouseout=\"ratings_off(3, 0, 0);\" onclick=\"rate_post();\" onkeypress=\"rate_post();\" style=\"cursor: pointer; border: 0px;\" \/><img decoding=\"async\" id=\"rating_2121_2\" src=\"https:\/\/blog-conny-dethloff.de\/wp-content\/plugins\/wp-postratings\/images\/stars\/rating_on.gif\" alt=\"2 Stars\" title=\"2 Stars\" onmouseover=\"current_rating(2121, 2, '2 Stars');\" onmouseout=\"ratings_off(3, 0, 0);\" onclick=\"rate_post();\" onkeypress=\"rate_post();\" style=\"cursor: pointer; border: 0px;\" \/><img decoding=\"async\" id=\"rating_2121_3\" src=\"https:\/\/blog-conny-dethloff.de\/wp-content\/plugins\/wp-postratings\/images\/stars\/rating_on.gif\" alt=\"3 Stars\" title=\"3 Stars\" onmouseover=\"current_rating(2121, 3, '3 Stars');\" onmouseout=\"ratings_off(3, 0, 0);\" onclick=\"rate_post();\" onkeypress=\"rate_post();\" style=\"cursor: pointer; border: 0px;\" \/><img decoding=\"async\" id=\"rating_2121_4\" src=\"https:\/\/blog-conny-dethloff.de\/wp-content\/plugins\/wp-postratings\/images\/stars\/rating_off.gif\" alt=\"4 Stars\" title=\"4 Stars\" onmouseover=\"current_rating(2121, 4, '4 Stars');\" onmouseout=\"ratings_off(3, 0, 0);\" onclick=\"rate_post();\" onkeypress=\"rate_post();\" style=\"cursor: pointer; border: 0px;\" \/><img decoding=\"async\" id=\"rating_2121_5\" src=\"https:\/\/blog-conny-dethloff.de\/wp-content\/plugins\/wp-postratings\/images\/stars\/rating_off.gif\" alt=\"5 Stars\" title=\"5 Stars\" onmouseover=\"current_rating(2121, 5, '5 Stars');\" onmouseout=\"ratings_off(3, 0, 0);\" onclick=\"rate_post();\" onkeypress=\"rate_post();\" style=\"cursor: pointer; border: 0px;\" \/> (<strong>6<\/strong> Bewertung(en), Durchschnitt: <strong>3.00<\/strong> von 5)<br \/><span class=\"post-ratings-text\" id=\"ratings_2121_text\"><\/span><\/span><span id=\"post-ratings-2121-loading\" class=\"post-ratings-loading\"><img loading=\"lazy\" decoding=\"async\" src=\"https:\/\/blog-conny-dethloff.de\/wp-content\/plugins\/wp-postratings\/images\/loading.gif\" width=\"16\" height=\"16\" class=\"post-ratings-image\" \/>Loading...<\/span>\n","protected":false},"excerpt":{"rendered":"<p>In dieser Sektion stelle ich Ihnen meine auf meiner Reise des Verstehens publizierten externen Ver\u00f6ffentlichungen dar. Kategorie Link B\u00fccher, Buchb\u00e4nde, Zeitschriften und Papers Interviews und Podcasts Modelle (Excel und Consideo) Gastautor und -beitr\u00e4ge<\/p>\n","protected":false},"author":1,"featured_media":0,"parent":0,"menu_order":2,"comment_status":"open","ping_status":"open","template":"","meta":{"footnotes":""},"class_list":["post-2121","page","type-page","status-publish","hentry"],"_links":{"self":[{"href":"https:\/\/blog-conny-dethloff.de\/index.php?rest_route=\/wp\/v2\/pages\/2121","targetHints":{"allow":["GET"]}}],"collection":[{"href":"https:\/\/blog-conny-dethloff.de\/index.php?rest_route=\/wp\/v2\/pages"}],"about":[{"href":"https:\/\/blog-conny-dethloff.de\/index.php?rest_route=\/wp\/v2\/types\/page"}],"author":[{"embeddable":true,"href":"https:\/\/blog-conny-dethloff.de\/index.php?rest_route=\/wp\/v2\/users\/1"}],"replies":[{"embeddable":true,"href":"https:\/\/blog-conny-dethloff.de\/index.php?rest_route=%2Fwp%2Fv2%2Fcomments&post=2121"}],"version-history":[{"count":132,"href":"https:\/\/blog-conny-dethloff.de\/index.php?rest_route=\/wp\/v2\/pages\/2121\/revisions"}],"predecessor-version":[{"id":4160,"href":"https:\/\/blog-conny-dethloff.de\/index.php?rest_route=\/wp\/v2\/pages\/2121\/revisions\/4160"}],"wp:attachment":[{"href":"https:\/\/blog-conny-dethloff.de\/index.php?rest_route=%2Fwp%2Fv2%2Fmedia&parent=2121"}],"curies":[{"name":"wp","href":"https:\/\/api.w.org\/{rel}","templated":true}]}}