{"id":2,"date":"2011-01-12T09:03:12","date_gmt":"2011-01-12T08:03:12","guid":{"rendered":"http:\/\/blog-conny-dethloff.de\/index.php?page_id=2"},"modified":"2025-05-03T08:31:53","modified_gmt":"2025-05-03T07:31:53","slug":"about","status":"publish","type":"page","link":"https:\/\/blog-conny-dethloff.de\/","title":{"rendered":"Wie alles begann"},"content":{"rendered":"<p><a href=\"https:\/\/www.linkedin.com\/pulse\/linkedin-top-voices-2018-deutschland-%C3%B6sterreich-und-schweiz-weber\/\"><img loading=\"lazy\" decoding=\"async\" class=\"aligncenter wp-image-4372 size-full\" src=\"http:\/\/blog-conny-dethloff.de\/wp-content\/uploads\/2018\/11\/profilecover.png\" alt=\"\" width=\"1584\" height=\"396\" srcset=\"https:\/\/blog-conny-dethloff.de\/wp-content\/uploads\/2018\/11\/profilecover.png 1584w, https:\/\/blog-conny-dethloff.de\/wp-content\/uploads\/2018\/11\/profilecover-300x75.png 300w, https:\/\/blog-conny-dethloff.de\/wp-content\/uploads\/2018\/11\/profilecover-768x192.png 768w, https:\/\/blog-conny-dethloff.de\/wp-content\/uploads\/2018\/11\/profilecover-1024x256.png 1024w\" sizes=\"auto, (max-width: 1584px) 100vw, 1584px\" \/><\/a><\/p>\n<p><a href=\"http:\/\/feeds.feedburner.com\/ReisedesVerstehens\" rel=\"alternate\" type=\"application\/rss+xml\"><img decoding=\"async\" style=\"vertical-align: middle; border: 0;\" src=\"\/\/feedburner.google.com\/fb\/images\/pub\/feed-icon32x32.png\" alt=\"\" \/><\/a>\u00a0<a href=\"http:\/\/feeds.feedburner.com\/ReisedesVerstehens\" rel=\"alternate\" type=\"application\/rss+xml\">Subscribe in a reader<\/a><\/p>\n<p><a href=\"https:\/\/leanbase.de\/map\/conny-dethloff\"><img loading=\"lazy\" decoding=\"async\" class=\"alignright wp-image-4783 size-thumbnail\" src=\"http:\/\/blog-conny-dethloff.de\/wp-content\/uploads\/2019\/10\/LeanMap_Badge_blau-150x150.png\" alt=\"\" width=\"150\" height=\"150\" srcset=\"https:\/\/blog-conny-dethloff.de\/wp-content\/uploads\/2019\/10\/LeanMap_Badge_blau-150x150.png 150w, https:\/\/blog-conny-dethloff.de\/wp-content\/uploads\/2019\/10\/LeanMap_Badge_blau-300x300.png 300w, https:\/\/blog-conny-dethloff.de\/wp-content\/uploads\/2019\/10\/LeanMap_Badge_blau.png 500w, https:\/\/blog-conny-dethloff.de\/wp-content\/uploads\/2019\/10\/LeanMap_Badge_blau-400x400.png 400w\" sizes=\"auto, (max-width: 150px) 100vw, 150px\" \/><\/a><\/p>\n<p>Ich bin Mitglied der gr\u00f6\u00dften Deutschsprachigen Lean-Community. Hier gelangst Du zu LeanMap.<\/p>\n<p>Ich glaube es war Mitte des Jahres 2006, als ich begann mich etwas intensiver mit den &#8220;eigenartigen und komischen&#8221; Vorg\u00e4ngen in der Wirtschaft zu befassen. Mir begann kristallklar zu werden, dass irgendetwas nicht passte; ich wusste nur nicht was und ich konnte es auch noch nicht in Worte fassen. Ich startete eine Reise, ich kannte nur noch nicht das Ziel und auch noch nicht den Weg. Eines begann ich aber zu begreifen, die Themen in der Wirtschaft wurden nicht ganzheitlich genug und zu kurzfristig betrachtet.<\/p>\n<p><a href=\"https:\/\/www.bloggerei.de\/\" target=\"_blank\" rel=\"noopener noreferrer\"><img loading=\"lazy\" decoding=\"async\" src=\"https:\/\/www.bloggerei.de\/bgpublicon.jpg\" alt=\"Blogverzeichnis - Blog Verzeichnis bloggerei.de\" width=\"80\" height=\"15\" border=\"0\" \/><\/a><\/p>\n<p><iframe loading=\"lazy\" src=\"https:\/\/player.vimeo.com\/video\/234036730\" width=\"640\" height=\"360\" frameborder=\"0\" allowfullscreen=\"allowfullscreen\"><\/iframe><\/p>\n<p><strong>Ich packte also meinen Rucksack&#8230;<\/strong><\/p>\n<p>und schn\u00fcrte als erstes die Themen <a href=\"http:\/\/blog-conny-dethloff.de\/?page_id=2017\">System-<\/a> und <a href=\"http:\/\/blog-conny-dethloff.de\/?page_id=2035\">Chaostheorie<\/a>.<\/p>\n<p><a href=\"http:\/\/blog-conny-dethloff.de\/?page_id=1984\"><img loading=\"lazy\" decoding=\"async\" class=\"alignnone size-full wp-image-8\" title=\"Rucksack\" src=\"http:\/\/blog-conny-dethloff.de\/wp-content\/uploads\/2011\/01\/Rucksack.png\" alt=\"\" width=\"500\" height=\"310\" \/><\/a><\/p>\n<p>Als ich mich durch verschiedene sehr interessante B\u00fccher und Artikel gew\u00fchlt habe, merkte ich zwar, dass ich mein Wissen in diesen Bereichen erweitert habe, ich erkannte aber noch keinen Zusammenhang zur Wirtschaft. Ich reflektierte mein Wissen und erkannte, und das ist aus meiner Sicht, zusammen mit der nicht-ganzheitlichen und kurzfristigen Denk- und Arbeitsweise, der dritte Knackpunkt, an dem es hapert: Dinge werden nicht tiefgr\u00fcndig genug analysiert. Es wird nicht zu Ende, oder manchmal sogar garnicht, gedacht. Viel zu viele Dinge werden einfach als gegeben hingenommen, statt diese zu hinterfragen. So n\u00e4herte ich mich der <a href=\"http:\/\/blog-conny-dethloff.de\/?page_id=1987\">Erkenntnistheorie<\/a> an bugsierte diese in den Rucksack. Durch die Erkenntnistheorie begann ich zu begreifen, wie und was wir Menschen \u00fcberhaupt von der Umwelt wahrnehmen und wie wir Wissen erwerben und was Wissen \u00fcberhaupt ist. Damit begann ich so langsam die Verbindung zur Wirtschaft zu schlie\u00dfen, nur ich konnte dieses noch nicht effizient und effektiv ausdr\u00fccken und kommunizieren. An diesem, Punkt half mir die <a href=\"http:\/\/blog-conny-dethloff.de\/?page_id=2040\">Modellierung<\/a> weiter. Deshalb: Hinein in den Rucksack. Ich bin starker Anh\u00e4nger des MODELERs der Firma Consideo GmbH, bei der ich auch Methodenpartner bin. Beim Modellieren von Sachverhalten merkte ich mehr und mehr wie wichtig die Sprache ist. Das war mir vorher nicht so bewusst. Unsere Sprache wird von unserer Kultur und von unserer Denk- und Arbeitsweise beeinflusst. Allerdings ist auch eine umgekehrte Ursache-Wirkungsbeziehung zu beobachten. Unsere Sprache beeinflusst ganz massiv wie wir denken und was wir von unserer Umwelt wahrnehmen. Da haben wir sie, die Zirkularit\u00e4ten und R\u00fcckkopplungen. Diese werden ganz besonders in der <a href=\"http:\/\/blog-conny-dethloff.de\/?page_id=2038\">Kybernetik<\/a> und der Kybernetik zweiter Ordnung behandelt, weshalb ich auch dieses Thema verinnerlichten wollte. Und Sie wissen schon: Kybernetik in den Rucksack gepackt.<\/p>\n<p><strong>&#8230; und erkannte, dass die Reise niemals enden wird.<\/strong><\/p>\n<p>Das Wissen, welches ich in allen angesprochenen Bereichen aufgebaut habe, hat mir dazu verholfen den Weg, den ich beschritten nachtr\u00e4glich nachzuzeichnen, aber auch schemenhaft voraus zu projezieren. Ziel dieser Homepage ist es, Sie mit auf die Reise zu nehmen. Das Ziel kann ich Ihnen allerdings nicht sagen. Ich kenne es nicht und das ist das Spannende. Es geht mir jetzt nicht mehr nur darum die Wirtschaft zu verstehen, sondern viel mehr die gesamte \u00d6konomie und das Leben der Menschen. Denn, so ist das mit dem Wissen. Je mehr Wissen man sich aneignet, desto gr\u00f6\u00dfer wird das bekannte Nichtwissen und desto gr\u00f6\u00dfer wird auch der Drang das bekannte Nichtwissen in Wissen umzuwandeln. Diese verschiedensten Themen habe ich in der Sektion Gedankensplitter reflektiert.<\/p>\n<p><a href=\"http:\/\/conny-dethloff.de\/mediapool\/78\/781999\/data\/Funktionierendes_Wissensmanagement.pdf\"><img loading=\"lazy\" decoding=\"async\" class=\"alignnone size-full wp-image-9\" title=\"Regelkreis Wissen\" src=\"http:\/\/blog-conny-dethloff.de\/wp-content\/uploads\/2011\/01\/Regelkreis-Wissen.png\" alt=\"\" width=\"500\" height=\"310\" \/><\/a><\/p>\n<p>Die Beziehung zwischen Wissen und bekanntem Nichtwissen ist exponentieller Natur. Die Reise wird also niemals enden. Alle Gedanken, Ideen, Fragen und Antworten, die ich auf dieser Reise generiert habe, m\u00f6chte ich in diesem Logbuch mit Ihnen teilen.<\/p>\n<p>Etwas Wichtiges noch: Die gesamten Ideen und Gedanken dieser Homepage spiegeln ausschlie\u00dflich meine Sicht und nicht notwendigerweise die Sicht meines Arbeitgebers OstseeSparkasse Rostock wieder.<\/p>\n<div><a href=\"http:\/\/www.seittest.de\/\" target=\"_top\" rel=\"noopener noreferrer\"><img decoding=\"async\" style=\"border: none;\" title=\"SeitTest-Zertifikat\" src=\"http:\/\/www.seittest.de\/certificate\/23.gif\" alt=\"SeitTest-Zertifikat\" \/><\/a><\/div>\n<p><script type=\"text\/javascript\">\/\/ <![CDATA[ var amzn_wdgt={widget:'Carousel'}; amzn_wdgt.widgetType='ASINList'; amzn_wdgt.title='B\u00fccher, an denen ich mitgewirkt habe'; amzn_wdgt.width='250'; amzn_wdgt.ASIN='3940543063,3841770487,3738650938,3743178125'; amzn_wdgt.width='400'; amzn_wdgt.height='200'; amzn_wdgt.marketPlace='DE'; \/\/ ]]><span id=\"mce_marker\" data-mce-type=\"bookmark\"><\/span><span id=\"__caret\">_<\/span>\n\/\/ ]]><\/script><br \/>\n<script type=\"text\/javascript\" src=\"http:\/\/wms.assoc-amazon.de\/20070822\/DE\/js\/swfobject_1_5.js\">\/\/ <![CDATA[ \/\/ ]]><\/script><\/p>\n","protected":false},"excerpt":{"rendered":"<p>\u00a0Subscribe in a reader Ich bin Mitglied der gr\u00f6\u00dften Deutschsprachigen Lean-Community. Hier gelangst Du zu LeanMap. Ich glaube es war Mitte des Jahres 2006, als ich begann mich etwas intensiver mit den &#8220;eigenartigen und komischen&#8221; Vorg\u00e4ngen in der Wirtschaft zu &hellip; <a href=\"https:\/\/blog-conny-dethloff.de\/\">Continue reading <span class=\"meta-nav\">&rarr;<\/span><\/a><\/p>\n","protected":false},"author":1,"featured_media":0,"parent":0,"menu_order":0,"comment_status":"open","ping_status":"open","template":"","meta":{"footnotes":""},"class_list":["post-2","page","type-page","status-publish","hentry"],"_links":{"self":[{"href":"https:\/\/blog-conny-dethloff.de\/index.php?rest_route=\/wp\/v2\/pages\/2","targetHints":{"allow":["GET"]}}],"collection":[{"href":"https:\/\/blog-conny-dethloff.de\/index.php?rest_route=\/wp\/v2\/pages"}],"about":[{"href":"https:\/\/blog-conny-dethloff.de\/index.php?rest_route=\/wp\/v2\/types\/page"}],"author":[{"embeddable":true,"href":"https:\/\/blog-conny-dethloff.de\/index.php?rest_route=\/wp\/v2\/users\/1"}],"replies":[{"embeddable":true,"href":"https:\/\/blog-conny-dethloff.de\/index.php?rest_route=%2Fwp%2Fv2%2Fcomments&post=2"}],"version-history":[{"count":47,"href":"https:\/\/blog-conny-dethloff.de\/index.php?rest_route=\/wp\/v2\/pages\/2\/revisions"}],"predecessor-version":[{"id":49050,"href":"https:\/\/blog-conny-dethloff.de\/index.php?rest_route=\/wp\/v2\/pages\/2\/revisions\/49050"}],"wp:attachment":[{"href":"https:\/\/blog-conny-dethloff.de\/index.php?rest_route=%2Fwp%2Fv2%2Fmedia&parent=2"}],"curies":[{"name":"wp","href":"https:\/\/api.w.org\/{rel}","templated":true}]}}